{"id":21,"date":"2018-03-08T15:55:41","date_gmt":"2018-03-08T14:55:41","guid":{"rendered":"http:\/\/dedale-editions.fr\/?page_id=21"},"modified":"2025-11-18T14:43:47","modified_gmt":"2025-11-18T13:43:47","slug":"mentions-legales","status":"publish","type":"page","link":"https:\/\/dedale-editions.fr\/index.php\/mentions-legales\/","title":{"rendered":"Mentions l\u00e9gales"},"content":{"rendered":"<h1>Mentions l\u00e9gales<\/h1>\n<div class=\"textwidget\">\n<p>Cr\u00e9\u00e9e en 2006, D\u00e9dale \u00c9ditions est une association loi 1901 dont le but principal est de faire revivre des livres oubli\u00e9s concernant les Sciences naturelles, la pal\u00e9ontologie, la min\u00e9ralogie, la pr\u00e9histoire, la botanique\u2026<\/p>\n<\/div>\n<p>Conform\u00e9ment aux lois r\u00e9gissant les droits de propri\u00e9t\u00e9 litt\u00e9raire et artistique ou les droits voisins, la reproduction et la repr\u00e9sentation de tout ou partie des \u00e9l\u00e9ments composant le site DEDALE EDITIONS sont strictement interdites. DEDALE EDITIONS est heureux de vous accueillir sur son site et de se faire ainsi mieux conna\u00eetre.<\/p>\n<p>DEDALE EDITIONS d\u00e9cline toute responsabilit\u00e9 en cas de difficult\u00e9 d&rsquo;acc\u00e8s \u00e0 son site ou d&rsquo;interruptions dans la connexion.<\/p>\n<p>En vertu de l\u2019article 6 de la loi n\u00b0 2004-575 du 21 juin 2004 pour la confiance dans l\u2019\u00e9conomie num\u00e9rique, il est pr\u00e9cis\u00e9 aux utilisateurs du site l\u2019identit\u00e9 des diff\u00e9rents intervenants dans le cadre de sa r\u00e9alisation et de son suivi :<\/p>\n<p>Propri\u00e9taire : DEDALE EDITIONS<\/p>\n<p>Cr\u00e9ateur \/ Webmaster : WSID<\/p>\n<p>H\u00e9bergeur : ikoula.com<\/p>\n","protected":false},"excerpt":{"rendered":"<p>Mentions l\u00e9gales Cr\u00e9\u00e9e en 2006, D\u00e9dale \u00c9ditions est une association loi 1901 dont le but principal est de faire revivre des livres oubli\u00e9s concernant les Sciences naturelles, la pal\u00e9ontologie, la min\u00e9ralogie, la pr\u00e9histoire, la botanique\u2026 Conform\u00e9ment aux lois r\u00e9gissant les droits de propri\u00e9t\u00e9 litt\u00e9raire et artistique ou les droits voisins, la reproduction et la repr\u00e9sentation [&hellip;]<\/p>\n","protected":false},"author":1,"featured_media":0,"parent":0,"menu_order":0,"comment_status":"closed","ping_status":"closed","template":"","meta":{"footnotes":""},"class_list":["post-21","page","type-page","status-publish","hentry"],"_links":{"self":[{"href":"https:\/\/dedale-editions.fr\/index.php\/wp-json\/wp\/v2\/pages\/21","targetHints":{"allow":["GET"]}}],"collection":[{"href":"https:\/\/dedale-editions.fr\/index.php\/wp-json\/wp\/v2\/pages"}],"about":[{"href":"https:\/\/dedale-editions.fr\/index.php\/wp-json\/wp\/v2\/types\/page"}],"author":[{"embeddable":true,"href":"https:\/\/dedale-editions.fr\/index.php\/wp-json\/wp\/v2\/users\/1"}],"replies":[{"embeddable":true,"href":"https:\/\/dedale-editions.fr\/index.php\/wp-json\/wp\/v2\/comments?post=21"}],"version-history":[{"count":9,"href":"https:\/\/dedale-editions.fr\/index.php\/wp-json\/wp\/v2\/pages\/21\/revisions"}],"predecessor-version":[{"id":1116,"href":"https:\/\/dedale-editions.fr\/index.php\/wp-json\/wp\/v2\/pages\/21\/revisions\/1116"}],"wp:attachment":[{"href":"https:\/\/dedale-editions.fr\/index.php\/wp-json\/wp\/v2\/media?parent=21"}],"curies":[{"name":"wp","href":"https:\/\/api.w.org\/{rel}","templated":true}]}}